{"id":35931,"date":"2024-09-17T11:00:12","date_gmt":"2024-09-17T11:00:12","guid":{"rendered":"https:\/\/hktgardenandlighting.com\/giardino\/"},"modified":"2024-11-25T11:14:53","modified_gmt":"2024-11-25T11:14:53","slug":"giardino","status":"publish","type":"page","link":"https:\/\/hktgardenandlighting.com\/it\/giardino\/","title":{"rendered":"Giardino"},"content":{"rendered":"\t\t<div data-elementor-type=\"wp-page\" data-elementor-id=\"35931\" class=\"elementor elementor-35931 elementor-35044\" data-elementor-settings=\"{&quot;ha_cmc_init_switcher&quot;:&quot;no&quot;}\">\n\t\t\t\t\t\t<section class=\"elementor-section elementor-top-section elementor-element elementor-element-ad9e996 elementor-section-height-min-height elementor-section-stretched elementor-section-boxed elementor-section-height-default elementor-section-items-middle\" data-id=\"ad9e996\" data-element_type=\"section\" data-settings=\"{&quot;stretch_section&quot;:&quot;section-stretched&quot;,&quot;background_background&quot;:&quot;video&quot;,&quot;background_video_link&quot;:&quot;https:\\\/\\\/hktgardenandlighting.com\\\/wp-content\\\/uploads\\\/2024\\\/09\\\/12224095_1920_1080_30fps.mp4&quot;,&quot;background_play_on_mobile&quot;:&quot;yes&quot;,&quot;_ha_eqh_enable&quot;:false}\">\n\t\t\t\t\t\t\t\t<div class=\"elementor-background-video-container\">\n\t\t\t\t\t\t\t\t\t\t\t\t\t<video class=\"elementor-background-video-hosted\" autoplay muted playsinline loop><\/video>\n\t\t\t\t\t\t\t\t\t\t\t<\/div>\n\t\t\t\t\t\t\t\t\t<div class=\"elementor-background-overlay\"><\/div>\n\t\t\t\t\t\t\t<div class=\"elementor-container elementor-column-gap-default\">\n\t\t\t\t\t<div class=\"elementor-column elementor-col-50 elementor-top-column elementor-element elementor-element-5c879a9\" data-id=\"5c879a9\" data-element_type=\"column\">\n\t\t\t<div class=\"elementor-widget-wrap elementor-element-populated\">\n\t\t\t\t\t\t<div class=\"elementor-element elementor-element-7b5d595 elementor-widget elementor-widget-heading\" data-id=\"7b5d595\" data-element_type=\"widget\" data-widget_type=\"heading.default\">\n\t\t\t\t<div class=\"elementor-widget-container\">\n\t\t\t\t\t<h2 class=\"elementor-heading-title elementor-size-default\">Giardino<\/h2>\t\t\t\t<\/div>\n\t\t\t\t<\/div>\n\t\t\t\t<div class=\"elementor-element elementor-element-8f939df elementor-widget elementor-widget-text-editor\" data-id=\"8f939df\" data-element_type=\"widget\" data-widget_type=\"text-editor.default\">\n\t\t\t\t<div class=\"elementor-widget-container\">\n\t\t\t\t\t\t\t\t\t<p>Valorizza i tuoi spazi esterni con le luci da giardino a LED ad alta efficienza energetica. Costruite per resistere alle intemperie, offrono un&#8217;illuminazione duratura ed elegante per i sentieri o per uso decorativo, risparmiando energia. <\/p>\n\t\t\t\t\t\t\t\t<\/div>\n\t\t\t\t<\/div>\n\t\t\t\t\t<\/div>\n\t\t<\/div>\n\t\t\t\t<div class=\"elementor-column elementor-col-50 elementor-top-column elementor-element elementor-element-caa3380 elementor-hidden-mobile\" data-id=\"caa3380\" data-element_type=\"column\">\n\t\t\t<div class=\"elementor-widget-wrap\">\n\t\t\t\t\t\t\t<\/div>\n\t\t<\/div>\n\t\t\t\t\t<\/div>\n\t\t<\/section>\n\t\t\t\t<section class=\"elementor-section elementor-top-section elementor-element elementor-element-47458e8 elementor-section-boxed elementor-section-height-default elementor-section-height-default\" data-id=\"47458e8\" data-element_type=\"section\" data-settings=\"{&quot;_ha_eqh_enable&quot;:false}\">\n\t\t\t\t\t\t<div class=\"elementor-container elementor-column-gap-default\">\n\t\t\t\t\t<div class=\"elementor-column elementor-col-100 elementor-top-column elementor-element elementor-element-5a01768\" data-id=\"5a01768\" data-element_type=\"column\">\n\t\t\t<div class=\"elementor-widget-wrap elementor-element-populated\">\n\t\t\t\t\t\t<div class=\"elementor-element elementor-element-d008dc9 lte-heading-style-header-subheader lte-heading-align-center elementor-widget elementor-widget-lte-header\" data-id=\"d008dc9\" data-element_type=\"widget\" data-widget_type=\"lte-header.default\">\n\t\t\t\t<div class=\"elementor-widget-container\">\n\t\t\t\t\t<div class=\"lte-heading lte-style-header-subheader lte-color-black lte-subcolor-black heading-tag-h3 heading-subtag-h6\"><div class=\"lte-heading-content\"><h3 class=\"lte-header\">I prodotti:<\/h3><\/div><\/div>\t\t\t\t<\/div>\n\t\t\t\t<\/div>\n\t\t\t\t\t<\/div>\n\t\t<\/div>\n\t\t\t\t\t<\/div>\n\t\t<\/section>\n\t\t\t\t<section class=\"elementor-section elementor-top-section elementor-element elementor-element-ee35b37 elementor-section-full_width elementor-section-stretched elementor-section-height-default elementor-section-height-default\" data-id=\"ee35b37\" data-element_type=\"section\" data-settings=\"{&quot;stretch_section&quot;:&quot;section-stretched&quot;,&quot;_ha_eqh_enable&quot;:false}\">\n\t\t\t\t\t\t<div class=\"elementor-container elementor-column-gap-default\">\n\t\t\t\t\t<div class=\"elementor-column elementor-col-100 elementor-top-column elementor-element elementor-element-c1e1b02\" data-id=\"c1e1b02\" data-element_type=\"column\">\n\t\t\t<div class=\"elementor-widget-wrap elementor-element-populated\">\n\t\t\t\t\t\t<div class=\"elementor-element elementor-element-a6f1eb1 elementor-arrows-position-inside elementor-widget elementor-widget-image-carousel\" data-id=\"a6f1eb1\" data-element_type=\"widget\" data-settings=\"{&quot;slides_to_show&quot;:&quot;7&quot;,&quot;navigation&quot;:&quot;arrows&quot;,&quot;autoplay_speed&quot;:3000,&quot;autoplay&quot;:&quot;yes&quot;,&quot;pause_on_hover&quot;:&quot;yes&quot;,&quot;pause_on_interaction&quot;:&quot;yes&quot;,&quot;infinite&quot;:&quot;yes&quot;,&quot;speed&quot;:500}\" data-widget_type=\"image-carousel.default\">\n\t\t\t\t<div class=\"elementor-widget-container\">\n\t\t\t\t\t\t\t<div class=\"elementor-image-carousel-wrapper swiper\" role=\"region\" aria-roledescription=\"carousel\" aria-label=\"Carosello d&#039;immagini\" dir=\"ltr\">\n\t\t\t<div class=\"elementor-image-carousel swiper-wrapper swiper-image-stretch\" aria-live=\"off\">\n\t\t\t\t\t\t\t\t<div class=\"swiper-slide\" role=\"group\" aria-roledescription=\"slide\" aria-label=\"1 di 7\"><figure class=\"swiper-slide-inner\"><img decoding=\"async\" class=\"swiper-slide-image\" src=\"https:\/\/hktgardenandlighting.com\/wp-content\/uploads\/2024\/09\/Q-6001-Amazon-01.jpg\" alt=\"Q-6001 Amazon-01\" \/><\/figure><\/div><div class=\"swiper-slide\" role=\"group\" aria-roledescription=\"slide\" aria-label=\"2 di 7\"><figure class=\"swiper-slide-inner\"><img decoding=\"async\" class=\"swiper-slide-image\" src=\"https:\/\/hktgardenandlighting.com\/wp-content\/uploads\/2024\/09\/Q-6002-Amazon-01.jpg\" alt=\"Q-6002 Amazon-01\" \/><\/figure><\/div><div class=\"swiper-slide\" role=\"group\" aria-roledescription=\"slide\" aria-label=\"3 di 7\"><figure class=\"swiper-slide-inner\"><img decoding=\"async\" class=\"swiper-slide-image\" src=\"https:\/\/hktgardenandlighting.com\/wp-content\/uploads\/2024\/09\/Q-6003-Amazon-01.jpg\" alt=\"Q-6003 Amazon-01\" \/><\/figure><\/div><div class=\"swiper-slide\" role=\"group\" aria-roledescription=\"slide\" aria-label=\"4 di 7\"><figure class=\"swiper-slide-inner\"><img decoding=\"async\" class=\"swiper-slide-image\" src=\"https:\/\/hktgardenandlighting.com\/wp-content\/uploads\/2024\/09\/pngtree-green-grass-floor-mockup-png-image_11588070.png\" alt=\"pngtree-green-grass-floor-mockup-png-image_11588070\" \/><\/figure><\/div><div class=\"swiper-slide\" role=\"group\" aria-roledescription=\"slide\" aria-label=\"5 di 7\"><figure class=\"swiper-slide-inner\"><img decoding=\"async\" class=\"swiper-slide-image\" src=\"https:\/\/hktgardenandlighting.com\/wp-content\/uploads\/2024\/09\/Screenshot-2024-09-25-140440.png\" alt=\"Screenshot 2024-09-25 140440\" \/><\/figure><\/div><div class=\"swiper-slide\" role=\"group\" aria-roledescription=\"slide\" aria-label=\"6 di 7\"><figure class=\"swiper-slide-inner\"><img decoding=\"async\" class=\"swiper-slide-image\" src=\"https:\/\/hktgardenandlighting.com\/wp-content\/uploads\/2024\/09\/Medium-Tarpaulin-140GSM.jpg\" alt=\"Medium-Tarpaulin-140GSM\" \/><\/figure><\/div><div class=\"swiper-slide\" role=\"group\" aria-roledescription=\"slide\" aria-label=\"7 di 7\"><figure class=\"swiper-slide-inner\"><img decoding=\"async\" class=\"swiper-slide-image\" src=\"https:\/\/hktgardenandlighting.com\/wp-content\/uploads\/2024\/09\/CU6X10_w_800_800px.jpg\" alt=\"CU6X10_w_800_800px\" \/><\/figure><\/div>\t\t\t<\/div>\n\t\t\t\t\t\t\t\t\t\t\t\t<div class=\"elementor-swiper-button elementor-swiper-button-prev\" role=\"button\" tabindex=\"0\">\n\t\t\t\t\t\t<i aria-hidden=\"true\" class=\"eicon-chevron-left\"><\/i>\t\t\t\t\t<\/div>\n\t\t\t\t\t<div class=\"elementor-swiper-button elementor-swiper-button-next\" role=\"button\" tabindex=\"0\">\n\t\t\t\t\t\t<i aria-hidden=\"true\" class=\"eicon-chevron-right\"><\/i>\t\t\t\t\t<\/div>\n\t\t\t\t\n\t\t\t\t\t\t\t\t\t<\/div>\n\t\t\t\t\t\t<\/div>\n\t\t\t\t<\/div>\n\t\t\t\t\t<\/div>\n\t\t<\/div>\n\t\t\t\t\t<\/div>\n\t\t<\/section>\n\t\t\t\t<section class=\"lte-background-gray elementor-section elementor-top-section elementor-element elementor-element-b583b4d lte-background-gray elementor-section-stretched elementor-section-boxed elementor-section-height-default elementor-section-height-default\" data-id=\"b583b4d\" data-element_type=\"section\" data-settings=\"{&quot;background_background&quot;:&quot;classic&quot;,&quot;stretch_section&quot;:&quot;section-stretched&quot;,&quot;_ha_eqh_enable&quot;:false}\">\n\t\t\t\t\t\t<div class=\"elementor-container elementor-column-gap-default\">\n\t\t\t\t\t<div class=\"elementor-column elementor-col-100 elementor-top-column elementor-element elementor-element-4574a97\" data-id=\"4574a97\" data-element_type=\"column\">\n\t\t\t<div class=\"elementor-widget-wrap elementor-element-populated\">\n\t\t\t\t\t\t<div class=\"elementor-element elementor-element-05b4719 lte-heading-style-header-subheader lte-heading-align-center elementor-widget elementor-widget-lte-header\" data-id=\"05b4719\" data-element_type=\"widget\" data-widget_type=\"lte-header.default\">\n\t\t\t\t<div class=\"elementor-widget-container\">\n\t\t\t\t\t<div class=\"lte-heading lte-style-header-subheader lte-color-main lte-subcolor-black has-subheader heading-tag-h2 heading-subtag-h6\"><div class=\"lte-heading-content\"><h6 class=\"lte-subheader\"><span style=\"color: black\">Giardino<\/span><\/h6><h2 class=\"lte-header\">I servizi<\/h2><\/div><\/div>\t\t\t\t<\/div>\n\t\t\t\t<\/div>\n\t\t\t\t<section class=\"elementor-section elementor-inner-section elementor-element elementor-element-483f95d elementor-section-boxed elementor-section-height-default elementor-section-height-default\" data-id=\"483f95d\" data-element_type=\"section\" data-settings=\"{&quot;_ha_eqh_enable&quot;:false}\">\n\t\t\t\t\t\t<div class=\"elementor-container elementor-column-gap-default\">\n\t\t\t\t\t<div class=\"elementor-column elementor-col-33 elementor-inner-column elementor-element elementor-element-3c7b392\" data-id=\"3c7b392\" data-element_type=\"column\">\n\t\t\t<div class=\"elementor-widget-wrap elementor-element-populated\">\n\t\t\t\t\t\t<div class=\"elementor-element elementor-element-04414b4 lte-animation-speed-slow elementor-widget elementor-widget-image\" data-id=\"04414b4\" data-element_type=\"widget\" data-widget_type=\"image.default\">\n\t\t\t\t<div class=\"elementor-widget-container\">\n\t\t\t\t\t\t\t\t\t\t\t\t\t\t\t<img fetchpriority=\"high\" decoding=\"async\" width=\"750\" height=\"500\" src=\"https:\/\/hktgardenandlighting.com\/wp-content\/uploads\/2024\/09\/DD_Tarp_4x4_gallery_05-1.jpg\" class=\"attachment-large size-large wp-image-35488\" alt=\"\" srcset=\"https:\/\/hktgardenandlighting.com\/wp-content\/uploads\/2024\/09\/DD_Tarp_4x4_gallery_05-1.jpg 750w, https:\/\/hktgardenandlighting.com\/wp-content\/uploads\/2024\/09\/DD_Tarp_4x4_gallery_05-1-300x200.jpg 300w, https:\/\/hktgardenandlighting.com\/wp-content\/uploads\/2024\/09\/DD_Tarp_4x4_gallery_05-1-100x67.jpg 100w\" sizes=\"(max-width: 750px) 100vw, 750px\" \/>\t\t\t\t\t\t\t\t\t\t\t\t\t\t\t<\/div>\n\t\t\t\t<\/div>\n\t\t\t\t\t<\/div>\n\t\t<\/div>\n\t\t\t\t<div class=\"elementor-column elementor-col-66 elementor-inner-column elementor-element elementor-element-6bf3b17\" data-id=\"6bf3b17\" data-element_type=\"column\">\n\t\t\t<div class=\"elementor-widget-wrap elementor-element-populated\">\n\t\t\t\t\t\t<div class=\"elementor-element elementor-element-2dba6c9 lte-style-grid-disabled elementor-widget elementor-widget-lte-icons\" data-id=\"2dba6c9\" data-element_type=\"widget\" data-widget_type=\"lte-icons.default\">\n\t\t\t\t<div class=\"elementor-widget-container\">\n\t\t\t\t\t<ul class=\"lte-block-icon has-descr hasIconText icons-count-1 lte-icon-space-sm lte-icon-shape-default lte-icon-background-disabled lte-icon-color-main lte-icon-divider-disabled lte-icon-size-medium lte-header-color-default lte-icon-type-left lte-icon-align- lte-hover-animation-yes layout-cols1 lte-additional-\"><li class=\"col-xl-12 col-xs-12\"><div   class=\"lte-inner\"><i class=\"lte-icon-text\">01.<\/i><span class=\"lte-icon-content\"> <span class=\"lte-header lte-h4\"> Teli <\/span> <span class=\"lte-descr\"><b>Teli in Polietilene di Alta Qualit\u00e0<\/b><br \/>\nLa nostra linea di teli in polietilene di alta qualit\u00e0 \u00e8 durevole, impermeabile e versatile, adatta a diversi settori come abitazioni, giardini, magazzini e campeggio. Disponibili in svariate grammature (da 80 g\/m\u00b2 a 150 g\/m\u00b2) e in diverse dimensioni, offrono una protezione affidabile per varie applicazioni.<\/span><\/span><\/div><\/li><\/ul>\t\t\t\t<\/div>\n\t\t\t\t<\/div>\n\t\t\t\t\t<\/div>\n\t\t<\/div>\n\t\t\t\t\t<\/div>\n\t\t<\/section>\n\t\t\t\t<section class=\"elementor-section elementor-inner-section elementor-element elementor-element-3d6264e elementor-section-boxed elementor-section-height-default elementor-section-height-default\" data-id=\"3d6264e\" data-element_type=\"section\" data-settings=\"{&quot;_ha_eqh_enable&quot;:false}\">\n\t\t\t\t\t\t<div class=\"elementor-container elementor-column-gap-default\">\n\t\t\t\t\t<div class=\"elementor-column elementor-col-33 elementor-inner-column elementor-element elementor-element-e4e7617\" data-id=\"e4e7617\" data-element_type=\"column\">\n\t\t\t<div class=\"elementor-widget-wrap elementor-element-populated\">\n\t\t\t\t\t\t<div class=\"elementor-element elementor-element-708f01e lte-animation-speed-slow elementor-widget elementor-widget-image\" data-id=\"708f01e\" data-element_type=\"widget\" data-widget_type=\"image.default\">\n\t\t\t\t<div class=\"elementor-widget-container\">\n\t\t\t\t\t\t\t\t\t\t\t\t\t\t\t<img decoding=\"async\" width=\"894\" height=\"894\" src=\"https:\/\/hktgardenandlighting.com\/wp-content\/uploads\/2024\/09\/61IKou3S87L._AC_UF8941000_QL80_.jpg\" class=\"attachment-large size-large wp-image-35491\" alt=\"\" srcset=\"https:\/\/hktgardenandlighting.com\/wp-content\/uploads\/2024\/09\/61IKou3S87L._AC_UF8941000_QL80_.jpg 894w, https:\/\/hktgardenandlighting.com\/wp-content\/uploads\/2024\/09\/61IKou3S87L._AC_UF8941000_QL80_-300x300.jpg 300w, https:\/\/hktgardenandlighting.com\/wp-content\/uploads\/2024\/09\/61IKou3S87L._AC_UF8941000_QL80_-150x150.jpg 150w, https:\/\/hktgardenandlighting.com\/wp-content\/uploads\/2024\/09\/61IKou3S87L._AC_UF8941000_QL80_-768x768.jpg 768w, https:\/\/hktgardenandlighting.com\/wp-content\/uploads\/2024\/09\/61IKou3S87L._AC_UF8941000_QL80_-700x700.jpg 700w, https:\/\/hktgardenandlighting.com\/wp-content\/uploads\/2024\/09\/61IKou3S87L._AC_UF8941000_QL80_-140x140.jpg 140w, https:\/\/hktgardenandlighting.com\/wp-content\/uploads\/2024\/09\/61IKou3S87L._AC_UF8941000_QL80_-80x80.jpg 80w, https:\/\/hktgardenandlighting.com\/wp-content\/uploads\/2024\/09\/61IKou3S87L._AC_UF8941000_QL80_-290x290.jpg 290w, https:\/\/hktgardenandlighting.com\/wp-content\/uploads\/2024\/09\/61IKou3S87L._AC_UF8941000_QL80_-350x350.jpg 350w, https:\/\/hktgardenandlighting.com\/wp-content\/uploads\/2024\/09\/61IKou3S87L._AC_UF8941000_QL80_-100x100.jpg 100w, https:\/\/hktgardenandlighting.com\/wp-content\/uploads\/2024\/09\/61IKou3S87L._AC_UF8941000_QL80_-360x360.jpg 360w\" sizes=\"(max-width: 894px) 100vw, 894px\" \/>\t\t\t\t\t\t\t\t\t\t\t\t\t\t\t<\/div>\n\t\t\t\t<\/div>\n\t\t\t\t\t<\/div>\n\t\t<\/div>\n\t\t\t\t<div class=\"elementor-column elementor-col-66 elementor-inner-column elementor-element elementor-element-1e4545a\" data-id=\"1e4545a\" data-element_type=\"column\">\n\t\t\t<div class=\"elementor-widget-wrap elementor-element-populated\">\n\t\t\t\t\t\t<div class=\"elementor-element elementor-element-e759414 lte-style-grid-disabled elementor-widget elementor-widget-lte-icons\" data-id=\"e759414\" data-element_type=\"widget\" data-widget_type=\"lte-icons.default\">\n\t\t\t\t<div class=\"elementor-widget-container\">\n\t\t\t\t\t<ul class=\"lte-block-icon has-descr hasIconText icons-count-1 lte-icon-space-sm lte-icon-shape-default lte-icon-background-disabled lte-icon-color-main lte-icon-divider-disabled lte-icon-size-medium lte-header-color-default lte-icon-type-left lte-icon-align- lte-hover-animation-yes layout-cols1 lte-additional-\"><li class=\"col-xl-12 col-xs-12\"><div   class=\"lte-inner\"><i class=\"lte-icon-text\">02.<\/i><span class=\"lte-icon-content\"> <span class=\"lte-header lte-h4\"> Erba Sintetica <\/span> <span class=\"lte-descr\">La nostra erba sintetica di alta qualit\u00e0 \u00e8 resistente alle condizioni atmosferiche e ai raggi UV, garantendo che non sbiadisca nel tempo. Adatta per uso interno ed esterno, l'erba \u00e8 realizzata in fibre di polipropilene con un supporto in resina di gomma. Pu\u00f2 essere installata su qualsiasi superficie, con o senza fissaggio, a seconda delle necessit\u00e0.<br \/>\n<br \/>\n<b>Caratteristiche principali dell'erba sintetica<\/b><br \/>\n<br \/>\n<b>Fattore DTEX<\/b>: Misura il peso in grammi per 10.000 metri di fibra d'erba. Un valore DTEX pi\u00f9 alto indica una maggiore resilienza, resistenza all'usura e una sensazione pi\u00f9 densa.<br \/>\n<b>Densit\u00e0 per punto<\/b>: Si riferisce al numero di fili distinti cuciti entro 10 cm. Una densit\u00e0 di 20 fili di polietilene per punto crea una texture d'erba dall'aspetto naturale e attraente.<br \/>\n<b>Spaziatura delle cuciture<\/b>: Rappresenta la distanza tra le linee di cucitura, espressa in pollici. Minore \u00e8 la distanza, maggiore \u00e8 la densit\u00e0 dei ciuffi e la qualit\u00e0 complessiva.<br \/>\n<b>Resistenza ai raggi UV<\/b>: Il prodotto \u00e8 resistente ai raggi UV, mantenendo la qualit\u00e0 del colore nel tempo anche con esposizione prolungata.<br \/>\n<b>Resistenza al fuoco<\/b>: L'erba \u00e8 ritardante di fiamma, rendendola adatta anche per uso interno.<br \/>\n<\/span><\/span><\/div><\/li><\/ul>\t\t\t\t<\/div>\n\t\t\t\t<\/div>\n\t\t\t\t\t<\/div>\n\t\t<\/div>\n\t\t\t\t\t<\/div>\n\t\t<\/section>\n\t\t\t\t\t<\/div>\n\t\t<\/div>\n\t\t\t\t\t<\/div>\n\t\t<\/section>\n\t\t\t\t<section class=\"lte-background-black elementor-section elementor-top-section elementor-element elementor-element-1d16d64 elementor-section-stretched lte-background-black lte-parallax-yes lte-overlay-wrapper-black elementor-section-full_width elementor-hidden-widescreen elementor-hidden-desktop elementor-hidden-laptop elementor-hidden-tablet_extra elementor-hidden-tablet elementor-hidden-mobile_extra elementor-hidden-mobile elementor-section-height-default elementor-section-height-default\" data-id=\"1d16d64\" data-element_type=\"section\" data-settings=\"{&quot;stretch_section&quot;:&quot;section-stretched&quot;,&quot;background_background&quot;:&quot;classic&quot;,&quot;_ha_eqh_enable&quot;:false}\">\n\t\t\t\t\t\t<div class=\"elementor-container elementor-column-gap-default\">\n\t\t\t\t\t<div class=\"elementor-column elementor-col-66 elementor-top-column elementor-element elementor-element-c338e8c elementor-hidden-mobile_extra elementor-hidden-mobile\" data-id=\"c338e8c\" data-element_type=\"column\">\n\t\t\t<div class=\"elementor-widget-wrap elementor-element-populated\">\n\t\t\t\t\t\t<div class=\"elementor-element elementor-element-23d27ff elementor-widget elementor-widget-heading\" data-id=\"23d27ff\" data-element_type=\"widget\" data-widget_type=\"heading.default\">\n\t\t\t\t<div class=\"elementor-widget-container\">\n\t\t\t\t\t<h5 class=\"elementor-heading-title elementor-size-default\">Clicca per voltare pagina\n<\/h5>\t\t\t\t<\/div>\n\t\t\t\t<\/div>\n\t\t\t\t<div class=\"elementor-element elementor-element-f7bfd02 elementor-widget elementor-widget-shortcode\" data-id=\"f7bfd02\" data-element_type=\"widget\" data-widget_type=\"shortcode.default\">\n\t\t\t\t<div class=\"elementor-widget-container\">\n\t\t\t\t\t\t\t<div class=\"elementor-shortcode\"><div class=\"_df_book df-lite\" id=\"df_35498\"  _slug=\"garden-katalog\" data-title=\"garden-katalog\" wpoptions=\"true\" thumbtype=\"\" ><\/div><script class=\"df-shortcode-script\" nowprocket type=\"application\/javascript\">window.option_df_35498 = {\"outline\":[],\"backgroundColor\":\"transparent\",\"height\":\"650\",\"autoEnableOutline\":\"false\",\"autoEnableThumbnail\":\"false\",\"overwritePDFOutline\":\"false\",\"direction\":\"1\",\"pageSize\":\"0\",\"source\":\"https:\\\/\\\/hktgardenandlighting.com\\\/wp-content\\\/uploads\\\/2024\\\/09\\\/GARDEN-brochure-1-3.pdf\",\"wpOptions\":\"true\"}; if(window.DFLIP && window.DFLIP.parseBooks){window.DFLIP.parseBooks();}<\/script><\/div>\n\t\t\t\t\t\t<\/div>\n\t\t\t\t<\/div>\n\t\t\t\t\t<\/div>\n\t\t<\/div>\n\t\t\t\t<div class=\"elementor-column elementor-col-33 elementor-top-column elementor-element elementor-element-6b65d17\" data-id=\"6b65d17\" data-element_type=\"column\">\n\t\t\t<div class=\"elementor-widget-wrap elementor-element-populated\">\n\t\t\t\t\t\t<div class=\"elementor-element elementor-element-16101f1 content-align-cta-default elementor-widget elementor-widget-eael-cta-box\" data-id=\"16101f1\" data-element_type=\"widget\" data-widget_type=\"eael-cta-box.default\">\n\t\t\t\t<div class=\"elementor-widget-container\">\n\t\t\t\t\t\t\t<div class=\"eael-call-to-action cta-basic bg-lite cta-preset-1\">\n        <h2 class=\"title eael-cta-heading\">Scarica il nostro catalogo prodotti<\/h2><p>Oppure sfoglialo nella finestra a sinistra<\/p><a href=\"https:\/\/hktgardenandlighting.com\/wp-content\/uploads\/2024\/09\/GARDEN-brochure-1-3.pdf\" class=\"cta-button cta-preset-1  \">SCARICA IL CATALOGO<\/a>\t<\/div>\n\t\t\t\t\t\t\t\t<\/div>\n\t\t\t\t<\/div>\n\t\t\t\t\t<\/div>\n\t\t<\/div>\n\t\t\t\t\t<\/div>\n\t\t<\/section>\n\t\t\t\t<\/div>\n\t\t","protected":false},"excerpt":{"rendered":"<p>Giardino Valorizza i tuoi spazi esterni con le luci da giardino a LED ad alta efficienza energetica. Costruite per resistere alle intemperie, offrono un&#8217;illuminazione duratura ed elegante per i sentieri o per uso decorativo, risparmiando energia. I prodotti: Giardino I servizi 01. Teli Teli in Polietilene di Alta Qualit\u00e0 La nostra linea di teli in [&hellip;]<\/p>\n","protected":false},"author":1,"featured_media":0,"parent":0,"menu_order":0,"comment_status":"closed","ping_status":"closed","template":"elementor_header_footer","meta":{"footnotes":""},"class_list":["post-35931","page","type-page","status-publish","hentry"],"_links":{"self":[{"href":"https:\/\/hktgardenandlighting.com\/it\/wp-json\/wp\/v2\/pages\/35931"}],"collection":[{"href":"https:\/\/hktgardenandlighting.com\/it\/wp-json\/wp\/v2\/pages"}],"about":[{"href":"https:\/\/hktgardenandlighting.com\/it\/wp-json\/wp\/v2\/types\/page"}],"author":[{"embeddable":true,"href":"https:\/\/hktgardenandlighting.com\/it\/wp-json\/wp\/v2\/users\/1"}],"replies":[{"embeddable":true,"href":"https:\/\/hktgardenandlighting.com\/it\/wp-json\/wp\/v2\/comments?post=35931"}],"version-history":[{"count":10,"href":"https:\/\/hktgardenandlighting.com\/it\/wp-json\/wp\/v2\/pages\/35931\/revisions"}],"predecessor-version":[{"id":36080,"href":"https:\/\/hktgardenandlighting.com\/it\/wp-json\/wp\/v2\/pages\/35931\/revisions\/36080"}],"wp:attachment":[{"href":"https:\/\/hktgardenandlighting.com\/it\/wp-json\/wp\/v2\/media?parent=35931"}],"curies":[{"name":"wp","href":"https:\/\/api.w.org\/{rel}","templated":true}]}}